{"id":347,"date":"2016-09-25T12:02:50","date_gmt":"2016-09-25T10:02:50","guid":{"rendered":"http:\/\/zamir.pl\/?page_id=347"},"modified":"2023-01-15T14:37:28","modified_gmt":"2023-01-15T13:37:28","slug":"o-nas","status":"publish","type":"page","link":"https:\/\/zamir.pl\/?page_id=347","title":{"rendered":"O NAS"},"content":{"rendered":"<p>&#8222;ZAMIR.PL&#8221; ju\u017c od 20 lat dzia\u0142amy na sportowym rynku. Staramy si\u0119 by\u0107 liderem w\u00a0<span style=\"line-height: 1.5;\">dostarczaniu wysokiej klasy produktu .<\/span><\/p>\n<p><span style=\"line-height: 1.5;\">Obs\u0142ugujemy z jednakowym zaanga\u017cowaniem\u00a0<\/span><span style=\"line-height: 1.5;\">zar\u00f3wno ma\u0142e realizacje\u00a0jak i du\u017ce.<\/span><\/p>\n<p>Umiej\u0119tno\u015bci i wyczucie oczekiwa\u0144 klienta jest naszym \u00a0kluczem \u00a0do sukcesu.<\/p>\n<p style=\"text-align: center;\">\n","protected":false},"excerpt":{"rendered":"<p>&#8222;ZAMIR.PL&#8221; ju\u017c od 20 lat dzia\u0142amy na sportowym rynku. Staramy si\u0119 by\u0107 liderem w\u00a0dostarczaniu wysokiej klasy produktu . Obs\u0142ugujemy z jednakowym zaanga\u017cowaniem\u00a0zar\u00f3wno ma\u0142e realizacje\u00a0jak i du\u017ce. Umiej\u0119tno\u015bci i wyczucie oczekiwa\u0144 klienta jest naszym \u00a0kluczem \u00a0do sukcesu.<\/p>\n","protected":false},"author":1,"featured_media":0,"parent":0,"menu_order":0,"comment_status":"closed","ping_status":"closed","template":"","meta":{"footnotes":""},"class_list":["post-347","page","type-page","status-publish","hentry"],"_links":{"self":[{"href":"https:\/\/zamir.pl\/index.php?rest_route=\/wp\/v2\/pages\/347","targetHints":{"allow":["GET"]}}],"collection":[{"href":"https:\/\/zamir.pl\/index.php?rest_route=\/wp\/v2\/pages"}],"about":[{"href":"https:\/\/zamir.pl\/index.php?rest_route=\/wp\/v2\/types\/page"}],"author":[{"embeddable":true,"href":"https:\/\/zamir.pl\/index.php?rest_route=\/wp\/v2\/users\/1"}],"replies":[{"embeddable":true,"href":"https:\/\/zamir.pl\/index.php?rest_route=%2Fwp%2Fv2%2Fcomments&post=347"}],"version-history":[{"count":6,"href":"https:\/\/zamir.pl\/index.php?rest_route=\/wp\/v2\/pages\/347\/revisions"}],"predecessor-version":[{"id":434,"href":"https:\/\/zamir.pl\/index.php?rest_route=\/wp\/v2\/pages\/347\/revisions\/434"}],"wp:attachment":[{"href":"https:\/\/zamir.pl\/index.php?rest_route=%2Fwp%2Fv2%2Fmedia&parent=347"}],"curies":[{"name":"wp","href":"https:\/\/api.w.org\/{rel}","templated":true}]}}